{"id":538,"date":"2025-07-10T09:17:18","date_gmt":"2025-07-10T07:17:18","guid":{"rendered":"https:\/\/www.geosel.fr\/legal-notices\/"},"modified":"2025-09-09T15:47:44","modified_gmt":"2025-09-09T13:47:44","slug":"legal-notices","status":"publish","type":"page","link":"https:\/\/www.geosel.fr\/en\/legal-notices\/","title":{"rendered":"Legal notices"},"content":{"rendered":"\n<h2 class=\"wp-block-heading\"><strong>\u00c9diteur du site<\/strong><\/h2>\n\n<p>Le site <a href=\"https:\/\/www.geosel.fr\/en\/\">https:\/\/www.geosel.fr<\/a> (ci-apr\u00e8s \u00ab le Site \u00bb) est \u00e9dit\u00e9 par :<br\/><br\/><strong>Nom de l\u2019entreprise <\/strong>: G\u00c9OSEL<br\/><strong>Forme juridique :<\/strong> SAS au capital social de 3 023 660 euros repr\u00e9sent\u00e9e par M. Karim Benbrik, Directeur g\u00e9n\u00e9ral d\u00e9l\u00e9gu\u00e9<br\/><strong>Si\u00e8ge social :<\/strong><br\/>G\u00e9osel SAS<br\/>2 rue des Martinets<br\/>92500 Rueil-Malmaison, France<br\/><strong>Num\u00e9ro de SIRET <\/strong>: 672049616<br\/><strong>Num\u00e9ro de TVA intracommunautaire <\/strong>: FR77 672 049 616.<br\/><strong>Responsable de la publication<\/strong> : Karim Benbrik, Directeur g\u00e9n\u00e9ral d\u00e9l\u00e9gu\u00e9<\/p>\n\n<p>Contact : contact@geosel.fr<br\/>T\u00e9l\u00e9phone : +33 (0)1 57 98 89 00<br\/><\/p>\n\n<p><strong>H\u00e9bergement du site<\/strong><br\/>Le Site est h\u00e9berg\u00e9 par :<br\/>Nom de l\u2019h\u00e9bergeur :<\/p>\n\n<p>GANDI SAS (Soci\u00e9t\u00e9 par Actions Simplifi\u00e9e) au capital de 630000 \u20ac.<br\/>Adresse de l\u2019h\u00e9bergeur :<br\/>63-65 boulevard Mass\u00e9na Paris (75013) FRANCE.<br\/>SIREN : 423 093 459 RCS PARIS.<br\/>T\u00e9l\u00e9phone de l\u2019h\u00e9bergeur : 01 70 37 76 61<br\/><\/p>\n\n<h2 class=\"wp-block-heading\"><strong>CONCEPTION, CR\u00c9ATION &amp; D\u00c9VELOPPEMENT TECHNIQUE<\/strong><\/h2>\n\n<p>Agence LittleWing &amp; Jibeset<\/p>\n\n<p>CR\u00c9DITS PHOTOS : G\u00e9osel \/ G\u00e9ostock \/ Adrien Vaucher\/ Christian Ansaldi \/ Pierre Hauss \/ Concept d\u2019images \/ Imago Concept \/ Safire Gyrocopt\u00e8re \/ Christian Champagnon \u00ab Rectimo Air Transports \u00bb \/ B. Beaujard \/ Carlos Muza \/ Parc R\u00e9gional Naturel du Luberon \/ Colas Declercq \/ Biyoo<\/p>\n\n<h2 class=\"wp-block-heading\"><strong>POLITIQUE DE CONFIDENTIALITE<\/strong><\/h2>\n\n<p>Les donn\u00e9es personnelles recueillies sur le site r\u00e9sultent de la communication volontaire d\u2019une adresse de courrier \u00e9lectronique lors de l\u2019envoi d\u2019un formulaire. Ces informations sont collect\u00e9es uniquement pour r\u00e9pondre aux demandes, traiter les questions, et offrir une assistance appropri\u00e9e.<\/p>\n\n<p>Elles sont utilis\u00e9es dans le cadre exclusif de la gestion des demandes formul\u00e9es via le formulaire de contact.<\/p>\n\n<p>Les adresses \u00e9lectroniques collect\u00e9es ne feront l\u2019objet d\u2019aucune cession \u00e0 des tiers ni d\u2019aucun traitement de la part de G\u00e9osel.<\/p>\n\n<p>La loi \u00ab Informatique et Libert\u00e9s \u00bb du 6 janvier 1978 modifi\u00e9e par la loi du 6 ao\u00fbt 2004 encadre la mise en \u0153uvre des fichiers ou des traitements de donn\u00e9es \u00e0 caract\u00e8re personnel qu\u2019ils soient automatis\u00e9s ou manuels. Vous disposez d\u2019un droit d\u2019acc\u00e8s, de modification, de rectification et de suppression des donn\u00e9es qui vous concernent (art. 34 de la loi \u00ab Informatique et Libert\u00e9s \u00bb). Vous pouvez l\u2019exercer par mail en le pr\u00e9cisant dans le formulaire de la page Contacts.<\/p>\n\n<h2 class=\"wp-block-heading\"><strong>Cookies<\/strong><\/h2>\n\n<p>Le Site utilise des cookies afin de garantir une meilleure exp\u00e9rience utilisateur. Les cookies sont de petits fichiers texte stock\u00e9s sur votre appareil lorsque vous naviguez sur le Site. Vous pouvez g\u00e9rer vos pr\u00e9f\u00e9rences en mati\u00e8re de cookies via les param\u00e8tres de votre navigateur. Toutefois, la d\u00e9sactivation des cookies peut affecter l&#8217;acc\u00e8s \u00e0 certaines fonctionnalit\u00e9s du Site.<br\/><\/p>\n\n<p><strong>Mise \u00e0 jour de la politique de confidentialit\u00e9<\/strong><br\/>Nous nous r\u00e9servons le droit de modifier cette politique de confidentialit\u00e9 \u00e0 tout moment. Toute modification sera publi\u00e9e sur cette page avec la date de mise \u00e0 jour. Nous vous encourageons \u00e0 consulter r\u00e9guli\u00e8rement cette politique pour \u00eatre inform\u00e9 des derni\u00e8res \u00e9volutions.<\/p>\n\n<h2 class=\"wp-block-heading\"><strong>\u00c9TABLISSEMENT DE LIENS (cross linking ou liens r\u00e9ciproques)<\/strong><\/h2>\n\n<p><strong>Lien depuis des sites tiers vers www.geosel.fr<br\/><\/strong>G\u00e9osel autorise la mise en place d\u2019un lien hypertexte depuis n\u2019importe quel site Internet, \u00e0 l\u2019exclusion de ceux diffusant des informations \u00e0 caract\u00e8re pol\u00e9mique, pornographique, x\u00e9nophobe ou pouvant, dans une plus large mesure, porter atteinte \u00e0 la sensibilit\u00e9 du plus grand nombre. Le lien doit aboutir \u00e0 la page d\u2019accueil du site (home page) et le site doit appara\u00eetre dans une nouvelle fen\u00eatre. Les pages du site ne doivent en aucun cas \u00eatre int\u00e9gr\u00e9es \u00e0 l\u2019int\u00e9rieur des pages d\u2019un autre site (frame ou iframe). Sauf autorisation sp\u00e9cifique qui pourra \u00eatre accord\u00e9e au cas par cas, la technique du lien profond est totalement interdite. Dans tous les cas, G\u00e9osel se r\u00e9serve le droit de demander la suppression d\u2019un lien si elle estime que le r\u00e9f\u00e9rent (site source) ne respecte pas les r\u00e8gles ainsi d\u00e9finies.<br\/> <br\/><strong>Lien depuis www.geosel.fr vers des sites tiers<br\/><\/strong>G\u00e9osel se r\u00e9serve le droit de \u00ab pointer \u00bb vers des sites tiers. Acc\u00e9der \u00e0 ces liens vous fait quitter le site de G\u00e9osel. Les sites cibles ne sont pas sous le contr\u00f4le de G\u00e9osel, par cons\u00e9quent G\u00e9osel n\u2019est pas responsable du contenu de ces sites, des liens qu\u2019ils contiennent ni des changements ou mises \u00e0 jour qui leur sont apport\u00e9s.<\/p>\n\n<h2 class=\"wp-block-heading\"><strong>DROITS D\u2019AUTEURS ET D\u2019UTILISATION<\/strong><\/h2>\n\n<p><strong>Dispositions l\u00e9gales<\/strong><\/p>\n\n<p>Le fait d\u2019acc\u00e9der au site ne donne pas le droit de l\u2019utiliser sans l\u2019accord de G\u00e9osel. Toute utilisation des ressources (photographiques, iconographiques, textuelles ou relatives \u00e0 la forme, la mise en page, la structure\u2026) pr\u00e9sentes sur ce site doit faire l\u2019objet d\u2019une demande pr\u00e9alable \u00e0 G\u00e9osel. A titre principal, G\u00e9osel ne conc\u00e8de qu\u2019une autorisation de visualisation du contenu du site.<\/p>\n\n<h2 class=\"wp-block-heading\"><strong>Responsabilit\u00e9<\/strong><\/h2>\n\n<p>G\u00e9osel s\u2019efforce de maximiser l\u2019exactitude des informations mais ne peut la garantir ni en \u00e9tablir l\u2019exhaustivit\u00e9. G\u00e9osel se r\u00e9serve le droit de modifier tout ou partie des informations contenues dans les pages de ce site Internet, \u00e0 tout moment et sans notification pr\u00e9alable.<\/p>\n","protected":false},"excerpt":{"rendered":"<p>\u00c9diteur du site Le site https:\/\/www.geosel.fr (ci-apr\u00e8s \u00ab le Site \u00bb) est \u00e9dit\u00e9 par : Nom de l\u2019entreprise : G\u00c9OSELForme juridique : SAS au capital social de 3 023 660 euros repr\u00e9sent\u00e9e par M. Karim Benbrik, Directeur g\u00e9n\u00e9ral d\u00e9l\u00e9gu\u00e9Si\u00e8ge social :G\u00e9osel SAS2 rue des Martinets92500 Rueil-Malmaison, FranceNum\u00e9ro de SIRET : 672049616Num\u00e9ro de TVA intracommunautaire : [&hellip;]<\/p>\n","protected":false},"author":1,"featured_media":397,"parent":0,"menu_order":0,"comment_status":"closed","ping_status":"closed","template":"page-transversal.php","meta":{"_acf_changed":false,"inline_featured_image":false,"footnotes":""},"class_list":["post-538","page","type-page","status-publish","has-post-thumbnail","hentry"],"acf":[],"yoast_head":"<!-- This site is optimized with the Yoast SEO plugin v27.1.1 - https:\/\/yoast.com\/product\/yoast-seo-wordpress\/ -->\n<title>Legal notices - G\u00e9osel<\/title>\n<meta name=\"description\" content=\"G\u00e9osel Legal Notice: information about the publisher, hosting, and the use of our online content.\" \/>\n<meta name=\"robots\" content=\"index, follow, max-snippet:-1, max-image-preview:large, max-video-preview:-1\" \/>\n<link rel=\"canonical\" href=\"https:\/\/www.geosel.fr\/en\/legal-notices\/\" \/>\n<meta property=\"og:locale\" content=\"en_US\" \/>\n<meta property=\"og:type\" content=\"article\" \/>\n<meta property=\"og:title\" content=\"Legal notices - G\u00e9osel\" \/>\n<meta property=\"og:description\" content=\"G\u00e9osel Legal Notice: information about the publisher, hosting, and the use of our online content.\" \/>\n<meta property=\"og:url\" content=\"https:\/\/www.geosel.fr\/en\/legal-notices\/\" \/>\n<meta property=\"og:site_name\" content=\"G\u00e9osel\" \/>\n<meta property=\"article:modified_time\" content=\"2025-09-09T13:47:44+00:00\" \/>\n<meta property=\"og:image\" content=\"https:\/\/www.geosel.fr\/app\/uploads\/2025\/07\/engagement-1.jpg\" \/>\n\t<meta property=\"og:image:width\" content=\"900\" \/>\n\t<meta property=\"og:image:height\" content=\"600\" \/>\n\t<meta property=\"og:image:type\" content=\"image\/jpeg\" \/>\n<meta name=\"twitter:card\" content=\"summary_large_image\" \/>\n<meta name=\"twitter:label1\" content=\"Est. reading time\" \/>\n\t<meta name=\"twitter:data1\" content=\"5 minutes\" \/>\n<script type=\"application\/ld+json\" class=\"yoast-schema-graph\">{\"@context\":\"https:\/\/schema.org\",\"@graph\":[{\"@type\":\"WebPage\",\"@id\":\"https:\/\/www.geosel.fr\/en\/legal-notices\/\",\"url\":\"https:\/\/www.geosel.fr\/en\/legal-notices\/\",\"name\":\"Legal notices - G\u00e9osel\",\"isPartOf\":{\"@id\":\"https:\/\/www.geosel.fr\/#website\"},\"primaryImageOfPage\":{\"@id\":\"https:\/\/www.geosel.fr\/en\/legal-notices\/#primaryimage\"},\"image\":{\"@id\":\"https:\/\/www.geosel.fr\/en\/legal-notices\/#primaryimage\"},\"thumbnailUrl\":\"https:\/\/www.geosel.fr\/app\/uploads\/2025\/07\/engagement-1.jpg\",\"datePublished\":\"2025-07-10T07:17:18+00:00\",\"dateModified\":\"2025-09-09T13:47:44+00:00\",\"description\":\"G\u00e9osel Legal Notice: information about the publisher, hosting, and the use of our online content.\",\"breadcrumb\":{\"@id\":\"https:\/\/www.geosel.fr\/en\/legal-notices\/#breadcrumb\"},\"inLanguage\":\"en-US\",\"potentialAction\":[{\"@type\":\"ReadAction\",\"target\":[\"https:\/\/www.geosel.fr\/en\/legal-notices\/\"]}]},{\"@type\":\"ImageObject\",\"inLanguage\":\"en-US\",\"@id\":\"https:\/\/www.geosel.fr\/en\/legal-notices\/#primaryimage\",\"url\":\"https:\/\/www.geosel.fr\/app\/uploads\/2025\/07\/engagement-1.jpg\",\"contentUrl\":\"https:\/\/www.geosel.fr\/app\/uploads\/2025\/07\/engagement-1.jpg\",\"width\":900,\"height\":600},{\"@type\":\"BreadcrumbList\",\"@id\":\"https:\/\/www.geosel.fr\/en\/legal-notices\/#breadcrumb\",\"itemListElement\":[{\"@type\":\"ListItem\",\"position\":1,\"name\":\"Home\",\"item\":\"https:\/\/www.geosel.fr\/en\/\"},{\"@type\":\"ListItem\",\"position\":2,\"name\":\"Legal notices\"}]},{\"@type\":\"WebSite\",\"@id\":\"https:\/\/www.geosel.fr\/#website\",\"url\":\"https:\/\/www.geosel.fr\/\",\"name\":\"G\u00e9osel\",\"description\":\"\",\"publisher\":{\"@id\":\"https:\/\/www.geosel.fr\/#organization\"},\"potentialAction\":[{\"@type\":\"SearchAction\",\"target\":{\"@type\":\"EntryPoint\",\"urlTemplate\":\"https:\/\/www.geosel.fr\/?s={search_term_string}\"},\"query-input\":{\"@type\":\"PropertyValueSpecification\",\"valueRequired\":true,\"valueName\":\"search_term_string\"}}],\"inLanguage\":\"en-US\"},{\"@type\":\"Organization\",\"@id\":\"https:\/\/www.geosel.fr\/#organization\",\"name\":\"G\u00e9osel\",\"url\":\"https:\/\/www.geosel.fr\/\",\"logo\":{\"@type\":\"ImageObject\",\"inLanguage\":\"en-US\",\"@id\":\"https:\/\/www.geosel.fr\/#\/schema\/logo\/image\/\",\"url\":\"https:\/\/www.geosel.fr\/app\/uploads\/2025\/08\/logo.svg\",\"contentUrl\":\"https:\/\/www.geosel.fr\/app\/uploads\/2025\/08\/logo.svg\",\"width\":\"1024\",\"height\":\"1024\",\"caption\":\"G\u00e9osel\"},\"image\":{\"@id\":\"https:\/\/www.geosel.fr\/#\/schema\/logo\/image\/\"}}]}<\/script>\n<!-- \/ Yoast SEO plugin. -->","yoast_head_json":{"title":"Legal notices - G\u00e9osel","description":"G\u00e9osel Legal Notice: information about the publisher, hosting, and the use of our online content.","robots":{"index":"index","follow":"follow","max-snippet":"max-snippet:-1","max-image-preview":"max-image-preview:large","max-video-preview":"max-video-preview:-1"},"canonical":"https:\/\/www.geosel.fr\/en\/legal-notices\/","og_locale":"en_US","og_type":"article","og_title":"Legal notices - G\u00e9osel","og_description":"G\u00e9osel Legal Notice: information about the publisher, hosting, and the use of our online content.","og_url":"https:\/\/www.geosel.fr\/en\/legal-notices\/","og_site_name":"G\u00e9osel","article_modified_time":"2025-09-09T13:47:44+00:00","og_image":[{"width":900,"height":600,"url":"https:\/\/www.geosel.fr\/app\/uploads\/2025\/07\/engagement-1.jpg","type":"image\/jpeg"}],"twitter_card":"summary_large_image","twitter_misc":{"Est. reading time":"5 minutes"},"schema":{"@context":"https:\/\/schema.org","@graph":[{"@type":"WebPage","@id":"https:\/\/www.geosel.fr\/en\/legal-notices\/","url":"https:\/\/www.geosel.fr\/en\/legal-notices\/","name":"Legal notices - G\u00e9osel","isPartOf":{"@id":"https:\/\/www.geosel.fr\/#website"},"primaryImageOfPage":{"@id":"https:\/\/www.geosel.fr\/en\/legal-notices\/#primaryimage"},"image":{"@id":"https:\/\/www.geosel.fr\/en\/legal-notices\/#primaryimage"},"thumbnailUrl":"https:\/\/www.geosel.fr\/app\/uploads\/2025\/07\/engagement-1.jpg","datePublished":"2025-07-10T07:17:18+00:00","dateModified":"2025-09-09T13:47:44+00:00","description":"G\u00e9osel Legal Notice: information about the publisher, hosting, and the use of our online content.","breadcrumb":{"@id":"https:\/\/www.geosel.fr\/en\/legal-notices\/#breadcrumb"},"inLanguage":"en-US","potentialAction":[{"@type":"ReadAction","target":["https:\/\/www.geosel.fr\/en\/legal-notices\/"]}]},{"@type":"ImageObject","inLanguage":"en-US","@id":"https:\/\/www.geosel.fr\/en\/legal-notices\/#primaryimage","url":"https:\/\/www.geosel.fr\/app\/uploads\/2025\/07\/engagement-1.jpg","contentUrl":"https:\/\/www.geosel.fr\/app\/uploads\/2025\/07\/engagement-1.jpg","width":900,"height":600},{"@type":"BreadcrumbList","@id":"https:\/\/www.geosel.fr\/en\/legal-notices\/#breadcrumb","itemListElement":[{"@type":"ListItem","position":1,"name":"Home","item":"https:\/\/www.geosel.fr\/en\/"},{"@type":"ListItem","position":2,"name":"Legal notices"}]},{"@type":"WebSite","@id":"https:\/\/www.geosel.fr\/#website","url":"https:\/\/www.geosel.fr\/","name":"G\u00e9osel","description":"","publisher":{"@id":"https:\/\/www.geosel.fr\/#organization"},"potentialAction":[{"@type":"SearchAction","target":{"@type":"EntryPoint","urlTemplate":"https:\/\/www.geosel.fr\/?s={search_term_string}"},"query-input":{"@type":"PropertyValueSpecification","valueRequired":true,"valueName":"search_term_string"}}],"inLanguage":"en-US"},{"@type":"Organization","@id":"https:\/\/www.geosel.fr\/#organization","name":"G\u00e9osel","url":"https:\/\/www.geosel.fr\/","logo":{"@type":"ImageObject","inLanguage":"en-US","@id":"https:\/\/www.geosel.fr\/#\/schema\/logo\/image\/","url":"https:\/\/www.geosel.fr\/app\/uploads\/2025\/08\/logo.svg","contentUrl":"https:\/\/www.geosel.fr\/app\/uploads\/2025\/08\/logo.svg","width":"1024","height":"1024","caption":"G\u00e9osel"},"image":{"@id":"https:\/\/www.geosel.fr\/#\/schema\/logo\/image\/"}}]}},"_links":{"self":[{"href":"https:\/\/www.geosel.fr\/en\/wp-json\/wp\/v2\/pages\/538","targetHints":{"allow":["GET"]}}],"collection":[{"href":"https:\/\/www.geosel.fr\/en\/wp-json\/wp\/v2\/pages"}],"about":[{"href":"https:\/\/www.geosel.fr\/en\/wp-json\/wp\/v2\/types\/page"}],"author":[{"embeddable":true,"href":"https:\/\/www.geosel.fr\/en\/wp-json\/wp\/v2\/users\/1"}],"replies":[{"embeddable":true,"href":"https:\/\/www.geosel.fr\/en\/wp-json\/wp\/v2\/comments?post=538"}],"version-history":[{"count":1,"href":"https:\/\/www.geosel.fr\/en\/wp-json\/wp\/v2\/pages\/538\/revisions"}],"predecessor-version":[{"id":539,"href":"https:\/\/www.geosel.fr\/en\/wp-json\/wp\/v2\/pages\/538\/revisions\/539"}],"wp:featuredmedia":[{"embeddable":true,"href":"https:\/\/www.geosel.fr\/en\/wp-json\/wp\/v2\/media\/397"}],"wp:attachment":[{"href":"https:\/\/www.geosel.fr\/en\/wp-json\/wp\/v2\/media?parent=538"}],"curies":[{"name":"wp","href":"https:\/\/api.w.org\/{rel}","templated":true}]}}